{"id":2284,"date":"2021-01-04T21:01:52","date_gmt":"2021-01-04T21:01:52","guid":{"rendered":"http:\/\/alternativafinancial.ca\/?page_id=2284"},"modified":"2021-01-05T02:39:36","modified_gmt":"2021-01-05T02:39:36","slug":"comment-ca-fonctionne","status":"publish","type":"page","link":"https:\/\/alternativafinancial.ca\/?page_id=2284","title":{"rendered":"Comment \u00c7a Fonctionne"},"content":{"rendered":"<p>[et_pb_section fb_built=&#8221;1&#8243; custom_padding_last_edited=&#8221;off|desktop&#8221; admin_label=&#8221;Header&#8221; _builder_version=&#8221;4.7.7&#8243; use_background_color_gradient=&#8221;on&#8221; background_color_gradient_start=&#8221;rgba(27,18,61,0.96)&#8221; background_color_gradient_end=&#8221;rgba(27,18,61,0.88)&#8221; background_color_gradient_direction=&#8221;90deg&#8221; background_color_gradient_start_position=&#8221;40%&#8221; background_color_gradient_end_position=&#8221;0%&#8221; background_color_gradient_overlays_image=&#8221;on&#8221; background_image=&#8221;http:\/\/alternativafinancial.ca\/wp-content\/uploads\/2020\/12\/pr-firm_27.jpg&#8221; custom_padding=&#8221;6vw||6vw||true|false&#8221; custom_padding_tablet=&#8221;||||false|false&#8221; custom_padding_phone=&#8221;||||false|false&#8221; filter_hue_rotate=&#8221;240deg&#8221; locked=&#8221;off&#8221;][et_pb_row column_structure=&#8221;1_2,1_2&#8243; _builder_version=&#8221;4.4.7&#8243; max_width=&#8221;1200px&#8221; custom_padding=&#8221;4%|4%|4%|4%|true|true&#8221; border_color_all=&#8221;#16252D&#8221; border_width_bottom=&#8221;8px&#8221; border_color_bottom=&#8221;#788594&#8243; border_width_left=&#8221;8px&#8221; border_color_left=&#8221;#788594&#8243; locked=&#8221;off&#8221;][et_pb_column type=&#8221;1_2&#8243; _builder_version=&#8221;4.4.6&#8243;][et_pb_text _builder_version=&#8221;4.7.7&#8243; header_font=&#8221;Heebo|900||on|||||&#8221; header_font_size=&#8221;60px&#8221; header_letter_spacing=&#8221;2px&#8221; header_line_height=&#8221;1.2em&#8221; background_layout=&#8221;dark&#8221; hover_enabled=&#8221;0&#8243; header_font_size_tablet=&#8221;40px&#8221; header_font_size_phone=&#8221;24px&#8221; header_font_size_last_edited=&#8221;on|phone&#8221; locked=&#8221;off&#8221; sticky_enabled=&#8221;0&#8243;]<\/p>\n<h1>Comment \u00e7a fonctionne<\/h1>\n<p>[\/et_pb_text][\/et_pb_column][et_pb_column type=&#8221;1_2&#8243; _builder_version=&#8221;4.4.6&#8243;][\/et_pb_column][\/et_pb_row][\/et_pb_section][et_pb_section fb_built=&#8221;1&#8243; _builder_version=&#8221;4.7.7&#8243; _module_preset=&#8221;default&#8221; custom_margin=&#8221;30px||30px||true|false&#8221;][et_pb_row _builder_version=&#8221;4.7.7&#8243; _module_preset=&#8221;default&#8221;][et_pb_column type=&#8221;4_4&#8243; _builder_version=&#8221;4.7.7&#8243; _module_preset=&#8221;default&#8221;][et_pb_blurb title=&#8221;POINTS CL\u00c9S&#8221; use_icon=&#8221;on&#8221; font_icon=&#8221;%%101%%&#8221; _builder_version=&#8221;4.7.7&#8243; _module_preset=&#8221;default&#8221; header_font=&#8221;Oregon Ido|900|||||||&#8221; header_text_align=&#8221;center&#8221; header_line_height=&#8221;1.5em&#8221; body_text_align=&#8221;center&#8221; custom_padding=&#8221;40px||60px||false|false&#8221; hover_enabled=&#8221;0&#8243; border_width_all=&#8221;1px&#8221; box_shadow_style=&#8221;preset1&#8243; sticky_enabled=&#8221;0&#8243;]Un contrat de location-vente est un accord dans lequel vous vous engagez \u00e0 louer une propri\u00e9t\u00e9 pour une p\u00e9riode de temps sp\u00e9cifique, avec la possibilit\u00e9 de l&#8217;acheter avant la fin du bail.<\/p>\n<p>Les accords de location-vente comprennent un contrat de location standard et \u00e9galement une option d&#8217;achat de la propri\u00e9t\u00e9 ult\u00e9rieurement.<\/p>\n<p>Les contrats de location-option vous donnent le droit d&#8217;acheter la maison \u00e0 l&#8217;expiration du bail.<\/p>\n<p>Vous payez un loyer tout au long du bail et, dans certains cas, un pourcentage du paiement est appliqu\u00e9 au prix d&#8217;achat.[\/et_pb_blurb][et_pb_text _builder_version=&#8221;4.7.7&#8243; _module_preset=&#8221;default&#8221; text_font=&#8221;Nanum Gothic||||||||&#8221; header_4_font=&#8221;Nanum Gothic||||||||&#8221; text_orientation=&#8221;justified&#8221; custom_padding=&#8221;60px||20px||false|false&#8221; hover_enabled=&#8221;0&#8243; sticky_enabled=&#8221;0&#8243;]<\/p>\n<h4> <b> Programme de location-vente <\/b> <\/h4>\n<p>Si vous avez un \u00e9tat d&#8217;esprit de propri\u00e9taire et que vous cherchez \u00e0 cr\u00e9er des capitaux propres, \u00e0 utiliser une mise de fonds plus petite et \u00e0 \u00e9tablir ou \u00e0 reconstruire votre pointage de cr\u00e9dit, alors un programme de location-vente est ce que vous recherchez. Ce programme a \u00e9t\u00e9 cr\u00e9\u00e9 dans le but d&#8217;aider ceux qui ont un faible cr\u00e9dit \u00e0 devenir \u00e9ventuellement des propri\u00e9taires fiers et \u00e9tablis. <\/p>\n<h4> <b> Comment fonctionne la location-vente? <\/b> <\/h4>\n<p>Essentiellement, Alternativa louera une maison qui est \u00e0 notre nom, comme le ferait un propri\u00e9taire avec un appartement. Les propri\u00e9taires potentiels peuvent alors louer la maison en effectuant des paiements r\u00e9guliers. Chaque maison de location est accompagn\u00e9e d&#8217;un contrat de location particulier auquel le propri\u00e9taire potentiel doit adh\u00e9rer s&#8217;il souhaite y rester. Ce contrat est appel\u00e9 \u00aboption d&#8217;achat\u00bb. Si le propri\u00e9taire potentiel choisit l&#8217;option d&#8217;achat, il signera un accord stipulant qu&#8217;il a l&#8217;option, mais pas l&#8217;obligation d&#8217;acheter la maison \u00e0 la fin de la p\u00e9riode de location.<br \/>\n<br \/>\nDans la plupart des accords de location-vente, le propri\u00e9taire potentiel devra payer ce que l\u2019on appelle des \u00abfrais d\u2019option\u00bb. Il s\u2019agit d\u2019un acompte non remboursable, mais souvent n\u00e9gociable, qui s\u2019\u00e9l\u00e8ve g\u00e9n\u00e9ralement \u00e0 environ 2% \u00e0 7% du prix final demand\u00e9 de la maison. L&#8217;option d&#8217;achat est un contrat distinct qui donne au propri\u00e9taire potentiel le droit, mais non l&#8217;obligation, d&#8217;acheter la maison \u00e0 la fin de la p\u00e9riode de location. Si le propri\u00e9taire potentiel ne souhaite pas accepter l&#8217;option d&#8217;achat, Alternativa peut tout de m\u00eame le laisser louer la maison. <\/p>\n<h4> <b> Le loyer <\/b> <\/h4>\n<p>Une fois l&#8217;accord confirm\u00e9, le propri\u00e9taire potentiel effectuera des paiements r\u00e9guliers, g\u00e9n\u00e9ralement mensuels, sur plusieurs ann\u00e9es (1 \u00e0 5 ans est le plus courant). Les paiements sont divis\u00e9s en deux parties, une plus grande partie de chaque paiement \u00e9tant consacr\u00e9e aux frais de location et l&#8217;autre \u00e0 la mise de fonds et \u00e0 l&#8217;\u00e9ventuelle valeur nette du logement. Une fois le contrat de location termin\u00e9 et que le locataire souhaite toujours acheter la maison, il aura, esp\u00e9rons-le, pay\u00e9 suffisamment de mise de fonds et augment\u00e9 sa cote de cr\u00e9dit suffisamment pour \u00eatre admissible \u00e0 un pr\u00eat hypoth\u00e9caire assur\u00e9 r\u00e9gulier de la SCHL (Soci\u00e9t\u00e9 canadienne d&#8217;hypoth\u00e8ques et de logement). Si le propri\u00e9taire potentiel n&#8217;aime pas la maison ou n&#8217;a aucune autre raison de ne pas l&#8217;acheter \u00e0 la fin de sa location, il peut renoncer \u00e0 l&#8217;accord.<br \/>\n<\/p>\n<h4> <b> Le prix final demand\u00e9 <\/b> <\/h4>\n<p>Encore une fois, les termes du contrat de location dicteront ce que le nouveau propri\u00e9taire potentiel finira par payer pour la maison si et quand il d\u00e9cide de l&#8217;acheter. Le prix final demand\u00e9 pour la maison sera convenu et verrouill\u00e9 avant que le locataire ne d\u00e9m\u00e9nage. <\/p>\n<h4> <b> Un programme de location-vente vous convient-il? <\/b> <\/h4>\n<p>Ce programme s&#8217;adresse uniquement \u00e0 ceux qui souhaitent vraiment poss\u00e9der une propri\u00e9t\u00e9 et qui ont d\u00e9j\u00e0 une mentalit\u00e9 de propri\u00e9taire. Le client id\u00e9al pour le programme Rent-to-Own est quelqu&#8217;un qui:<br \/>\n<br \/>\n1. Veut travailler pour devenir propri\u00e9taire le plus t\u00f4t possible.<br \/>\n2. Est fier d&#8217;\u00eatre propri\u00e9taire de la maison.<br \/>\n3. Comprend que l&#8217;immobilier est un excellent moyen de cr\u00e9er de la richesse.<br \/>\n4. A eu de la difficult\u00e9 \u00e0 obtenir un financement ou a d\u00e9j\u00e0 \u00e9t\u00e9 refus\u00e9 par un pr\u00eateur hypoth\u00e9caire.<br \/>\n<\/p>\n<h4> <b> Les avantages et les inconv\u00e9nients <\/b> <\/h4>\n<p>Si vous pensez \u00eatre un bon candidat pour le programme de location-vente, vous devez \u00eatre conscient des avantages et des inconv\u00e9nients.<br \/>\n<\/p>\n<h4><b>Avantages<\/b> <\/h4>\n<p>Avec une option d&#8217;achat, le propri\u00e9taire potentiel a le droit de r\u00e9silier son contrat de location \u00e0 la fin de sa dur\u00e9e de location. Cela signifie qu&#8217;ils peuvent faire un \u00abessai\u00bb avec la maison. S&#8217;ils n&#8217;aiment pas le quartier, les termes du contrat ou la maison elle-m\u00eame, ils n&#8217;ont pas \u00e0 l&#8217;acheter.<br \/>\n<br \/>\nLa partie non li\u00e9e au loyer des paiements que le propri\u00e9taire potentiel effectue sert \u00e0 l&#8217;acompte sur la maison. Pour ceux qui ne peuvent initialement pas se permettre cet acompte, ils peuvent \u00e0 la fois y ajouter progressivement et avoir le temps de renforcer leurs finances.<br \/>\n<br \/>\nPuisque le prix demand\u00e9 est verrouill\u00e9, le propri\u00e9taire potentiel paiera alors ce prix pour la maison \u00e0 la fin de son contrat, m\u00eame si le march\u00e9 immobilier fluctue et que la valeur de la maison augmente.<br \/>\n<\/p>\n<h4><b> Inconv\u00e9nients<\/b> <\/h4>\n<p>Si les finances et le pointage de cr\u00e9dit du propri\u00e9taire potentiel ne se sont pas am\u00e9lior\u00e9s \u00e0 l\u2019expiration de son contrat de location, il se peut qu\u2019il ne re\u00e7oive pas le financement n\u00e9cessaire pour acheter la maison.<\/p>\n<p>\u00c9tant donn\u00e9 que le contrat est une option d&#8217;achat et que le locataire a pay\u00e9 les frais d&#8217;option mais n&#8217;ach\u00e8te pas la maison, son acompte sera perdu.<\/p>\n<p>Contrairement \u00e0 un appartement, dans les cas de location-vente, le propri\u00e9taire potentiel est responsable de toutes les r\u00e9parations et de l&#8217;entretien n\u00e9cessaires. Ils doivent \u00e9galement payer les frais d\u2019association des propri\u00e9taires, les taxes fonci\u00e8res et les assurances.<br \/>\n<\/p>\n<h4> <b> Conclusion <\/b> <\/h4>\n<p>Le programme Rent-to-Own vous donne la possibilit\u00e9 de commencer \u00e0 investir dans la propri\u00e9t\u00e9 d&#8217;une maison aujourd&#8217;hui et d&#8217;\u00e9viter le gouffre financier du loyer. Ce programme vous aidera \u00e0 \u00eatre plus responsable financi\u00e8rement, \u00e0 rester sur la bonne voie et \u00e0 passer par les \u00e9tapes n\u00e9cessaires pour \u00e9tablir les fonds propres et la cote de cr\u00e9dit requis.[\/et_pb_text][\/et_pb_column][\/et_pb_row][\/et_pb_section]<\/p>\n","protected":false},"excerpt":{"rendered":"<p>[et_pb_section fb_built=&#8221;1&#8243; custom_padding_last_edited=&#8221;off|desktop&#8221; admin_label=&#8221;Header&#8221; _builder_version=&#8221;4.7.7&#8243; use_background_color_gradient=&#8221;on&#8221; background_color_gradient_start=&#8221;rgba(27,18,61,0.96)&#8221; background_color_gradient_end=&#8221;rgba(27,18,61,0.88)&#8221; background_color_gradient_direction=&#8221;90deg&#8221; background_color_gradient_start_position=&#8221;40%&#8221; background_color_gradient_end_position=&#8221;0%&#8221; background_color_gradient_overlays_image=&#8221;on&#8221; background_image=&#8221;http:\/\/alternativafinancial.ca\/wp-content\/uploads\/2020\/12\/pr-firm_27.jpg&#8221; custom_padding=&#8221;6vw||6vw||true|false&#8221; custom_padding_tablet=&#8221;||||false|false&#8221; custom_padding_phone=&#8221;||||false|false&#8221; filter_hue_rotate=&#8221;240deg&#8221; locked=&#8221;off&#8221;][et_pb_row column_structure=&#8221;1_2,1_2&#8243; _builder_version=&#8221;4.4.7&#8243; max_width=&#8221;1200px&#8221; custom_padding=&#8221;4%|4%|4%|4%|true|true&#8221; border_color_all=&#8221;#16252D&#8221; border_width_bottom=&#8221;8px&#8221; border_color_bottom=&#8221;#788594&#8243; border_width_left=&#8221;8px&#8221; border_color_left=&#8221;#788594&#8243; locked=&#8221;off&#8221;][et_pb_column type=&#8221;1_2&#8243; _builder_version=&#8221;4.4.6&#8243;][et_pb_text _builder_version=&#8221;4.7.7&#8243; header_font=&#8221;Heebo|900||on|||||&#8221; header_font_size=&#8221;60px&#8221; header_letter_spacing=&#8221;2px&#8221; header_line_height=&#8221;1.2em&#8221; background_layout=&#8221;dark&#8221; hover_enabled=&#8221;0&#8243; header_font_size_tablet=&#8221;40px&#8221; header_font_size_phone=&#8221;24px&#8221; header_font_size_last_edited=&#8221;on|phone&#8221; locked=&#8221;off&#8221; sticky_enabled=&#8221;0&#8243;] Comment \u00e7a fonctionne [\/et_pb_text][\/et_pb_column][et_pb_column type=&#8221;1_2&#8243; _builder_version=&#8221;4.4.6&#8243;][\/et_pb_column][\/et_pb_row][\/et_pb_section][et_pb_section fb_built=&#8221;1&#8243; _builder_version=&#8221;4.7.7&#8243; _module_preset=&#8221;default&#8221; custom_margin=&#8221;30px||30px||true|false&#8221;][et_pb_row _builder_version=&#8221;4.7.7&#8243; _module_preset=&#8221;default&#8221;][et_pb_column type=&#8221;4_4&#8243; [&hellip;]<\/p>\n","protected":false},"author":1,"featured_media":0,"parent":0,"menu_order":0,"comment_status":"closed","ping_status":"closed","template":"","meta":{"_et_pb_use_builder":"on","_et_pb_old_content":"","_et_gb_content_width":""},"_links":{"self":[{"href":"https:\/\/alternativafinancial.ca\/index.php?rest_route=\/wp\/v2\/pages\/2284"}],"collection":[{"href":"https:\/\/alternativafinancial.ca\/index.php?rest_route=\/wp\/v2\/pages"}],"about":[{"href":"https:\/\/alternativafinancial.ca\/index.php?rest_route=\/wp\/v2\/types\/page"}],"author":[{"embeddable":true,"href":"https:\/\/alternativafinancial.ca\/index.php?rest_route=\/wp\/v2\/users\/1"}],"replies":[{"embeddable":true,"href":"https:\/\/alternativafinancial.ca\/index.php?rest_route=%2Fwp%2Fv2%2Fcomments&post=2284"}],"version-history":[{"count":3,"href":"https:\/\/alternativafinancial.ca\/index.php?rest_route=\/wp\/v2\/pages\/2284\/revisions"}],"predecessor-version":[{"id":2314,"href":"https:\/\/alternativafinancial.ca\/index.php?rest_route=\/wp\/v2\/pages\/2284\/revisions\/2314"}],"wp:attachment":[{"href":"https:\/\/alternativafinancial.ca\/index.php?rest_route=%2Fwp%2Fv2%2Fmedia&parent=2284"}],"curies":[{"name":"wp","href":"https:\/\/api.w.org\/{rel}","templated":true}]}}