{"id":2292,"date":"2021-01-04T21:04:41","date_gmt":"2021-01-04T21:04:41","guid":{"rendered":"http:\/\/alternativafinancial.ca\/?page_id=2292"},"modified":"2021-01-05T03:21:19","modified_gmt":"2021-01-05T03:21:19","slug":"q-f-p","status":"publish","type":"page","link":"https:\/\/alternativafinancial.ca\/?page_id=2292","title":{"rendered":"QFP"},"content":{"rendered":"<p>[et_pb_section fb_built=&#8221;1&#8243; custom_padding_last_edited=&#8221;off|desktop&#8221; admin_label=&#8221;Header&#8221; _builder_version=&#8221;4.7.7&#8243; use_background_color_gradient=&#8221;on&#8221; background_color_gradient_start=&#8221;rgba(27,18,61,0.96)&#8221; background_color_gradient_end=&#8221;rgba(27,18,61,0.88)&#8221; background_color_gradient_direction=&#8221;90deg&#8221; background_color_gradient_start_position=&#8221;40%&#8221; background_color_gradient_end_position=&#8221;0%&#8221; background_color_gradient_overlays_image=&#8221;on&#8221; background_image=&#8221;http:\/\/alternativafinancial.ca\/wp-content\/uploads\/2020\/12\/pr-firm_27.jpg&#8221; custom_padding=&#8221;6vw||6vw||true|false&#8221; custom_padding_tablet=&#8221;||||false|false&#8221; custom_padding_phone=&#8221;||||false|false&#8221; filter_hue_rotate=&#8221;240deg&#8221; locked=&#8221;off&#8221;][et_pb_row column_structure=&#8221;1_2,1_2&#8243; _builder_version=&#8221;4.4.7&#8243; max_width=&#8221;1200px&#8221; custom_padding=&#8221;4%|4%|4%|4%|true|true&#8221; border_color_all=&#8221;#16252D&#8221; border_width_bottom=&#8221;8px&#8221; border_color_bottom=&#8221;#788594&#8243; border_width_left=&#8221;8px&#8221; border_color_left=&#8221;#788594&#8243; locked=&#8221;off&#8221;][et_pb_column type=&#8221;1_2&#8243; _builder_version=&#8221;4.4.6&#8243;][et_pb_text _builder_version=&#8221;4.7.7&#8243; header_font=&#8221;Heebo|900||on|||||&#8221; header_font_size=&#8221;60px&#8221; header_letter_spacing=&#8221;2px&#8221; header_line_height=&#8221;1.2em&#8221; background_layout=&#8221;dark&#8221; hover_enabled=&#8221;0&#8243; header_font_size_tablet=&#8221;40px&#8221; header_font_size_phone=&#8221;24px&#8221; header_font_size_last_edited=&#8221;on|phone&#8221; locked=&#8221;off&#8221; sticky_enabled=&#8221;0&#8243;]<\/p>\n<h1>Q.F.P.<\/h1>\n<p>[\/et_pb_text][\/et_pb_column][et_pb_column type=&#8221;1_2&#8243; _builder_version=&#8221;4.4.6&#8243;][\/et_pb_column][\/et_pb_row][\/et_pb_section][et_pb_section fb_built=&#8221;1&#8243; admin_label=&#8221;FAQ Section&#8221; _builder_version=&#8221;4.7.7&#8243; module_alignment=&#8221;right&#8221; custom_margin=&#8221;||||false|false&#8221; custom_padding=&#8221;20px||||false|false&#8221; locked=&#8221;off&#8221;][et_pb_row admin_label=&#8221;FAQ Area&#8221; _builder_version=&#8221;3.25&#8243; locked=&#8221;off&#8221;][et_pb_column type=&#8221;4_4&#8243; _builder_version=&#8221;3.25&#8243; custom_padding=&#8221;|||&#8221; custom_padding__hover=&#8221;|||&#8221;][et_pb_text admin_label=&#8221;Title&#8221; _builder_version=&#8221;4.7.7&#8243; text_font=&#8221;Oregon Ido||||||||&#8221; quote_font=&#8221;||||||||&#8221; header_font=&#8221;||||||||&#8221; header_2_font=&#8221;Oregon Ido|900|||||||&#8221; header_2_font_size=&#8221;48px&#8221; header_2_line_height=&#8221;1.4em&#8221; custom_margin=&#8221;|||-40px&#8221; custom_margin_tablet=&#8221;&#8221; custom_margin_phone=&#8221;|||0px&#8221; custom_margin_last_edited=&#8221;on|phone&#8221; custom_padding=&#8221;|||30px&#8221; animation_style=&#8221;fold&#8221; animation_direction=&#8221;left&#8221; animation_intensity_fold=&#8221;5%&#8221; animation_starting_opacity=&#8221;100%&#8221; hover_enabled=&#8221;0&#8243; header_2_font_size_tablet=&#8221;30px&#8221; header_2_font_size_phone=&#8221;&#8221; header_2_font_size_last_edited=&#8221;on|tablet&#8221; border_color_all=&#8221;#0f7e2f&#8221; border_width_left=&#8221;10px&#8221; sticky_enabled=&#8221;0&#8243;]<\/p>\n<h2>Questions fr\u00e9quemment pos\u00e9es<\/h2>\n<p>[\/et_pb_text][\/et_pb_column][\/et_pb_row][et_pb_row _builder_version=&#8221;4.7.7&#8243; custom_margin=&#8221;||||false|false&#8221; custom_padding=&#8221;||100px||false|false&#8221;][et_pb_column type=&#8221;4_4&#8243; _builder_version=&#8221;3.25&#8243; custom_padding=&#8221;|||&#8221; custom_padding__hover=&#8221;|||&#8221;][et_pb_accordion open_toggle_text_color=&#8221;#000000&#8243; closed_toggle_text_color=&#8221;#000000&#8243; icon_color=&#8221;#0f7e2f&#8221; _builder_version=&#8221;4.7.7&#8243; toggle_font=&#8221;Oregon Ido|900|||||||&#8221; toggle_font_size=&#8221;20px&#8221; toggle_letter_spacing=&#8221;1px&#8221; toggle_line_height=&#8221;1.5em&#8221; body_font=&#8221;Nanum Gothic||||||||&#8221; body_font_size=&#8221;16px&#8221; body_line_height=&#8221;1.8em&#8221; animation_style=&#8221;slide&#8221; animation_direction=&#8221;bottom&#8221; animation_intensity_slide=&#8221;5%&#8221; hover_enabled=&#8221;0&#8243; border_width_all=&#8221;0px&#8221; border_width_bottom=&#8221;3px&#8221; sticky_enabled=&#8221;0&#8243;][et_pb_accordion_item title=&#8221;Cela affectera-t-il mon cr\u00e9dit et dois-je passer une v\u00e9rification de cr\u00e9dit?&#8221; open=&#8221;on&#8221; open_toggle_background_color=&#8221;rgba(0,0,0,0)&#8221; closed_toggle_background_color=&#8221;rgba(0,0,0,0)&#8221; _builder_version=&#8221;4.7.7&#8243; custom_margin=&#8221;||0px|&#8221; custom_padding=&#8221;30px||30px|0px|true&#8221; hover_enabled=&#8221;0&#8243; sticky_enabled=&#8221;0&#8243;]Non. La transaction n&#8217;affectera pas votre profil de cr\u00e9dit et vous n&#8217;avez pas \u00e0 passer une v\u00e9rification de cr\u00e9dit car Alternativa ach\u00e8tera la propri\u00e9t\u00e9. Vous devrez passer une v\u00e9rification de cr\u00e9dit seulement lorsque le terme est termin\u00e9 et que vous \u00eates pr\u00eat \u00e0 transf\u00e9rer la maison \u00e0 votre nom.[\/et_pb_accordion_item][et_pb_accordion_item title=&#8221;Ai-je besoin d&#8217;un acompte?&#8221; open_toggle_background_color=&#8221;rgba(0,0,0,0)&#8221; closed_toggle_background_color=&#8221;rgba(0,0,0,0)&#8221; _builder_version=&#8221;4.7.7&#8243; custom_margin=&#8221;||0px|&#8221; custom_padding=&#8221;30px||30px|0px|true&#8221; hover_enabled=&#8221;0&#8243; open=&#8221;off&#8221; sticky_enabled=&#8221;0&#8243;]Oui, vous aurez besoin d&#8217;un minimum de 10% du prix d&#8217;achat de la propri\u00e9t\u00e9 \u00e0 acheter.[\/et_pb_accordion_item][et_pb_accordion_item title=&#8221;Quels frais serai-je factur\u00e9?&#8221; open_toggle_background_color=&#8221;rgba(0,0,0,0)&#8221; closed_toggle_background_color=&#8221;rgba(0,0,0,0)&#8221; _builder_version=&#8221;4.7.7&#8243; custom_margin=&#8221;||0px|&#8221; custom_padding=&#8221;30px||30px|0px|true&#8221; hover_enabled=&#8221;0&#8243; open=&#8221;off&#8221; sticky_enabled=&#8221;0&#8243;]Alternativa facture g\u00e9n\u00e9ralement entre 2% et 7% de frais selon la situation.[\/et_pb_accordion_item][et_pb_accordion_item title=&#8221;Qui est le propri\u00e9taire de la propri\u00e9t\u00e9?&#8221; open_toggle_background_color=&#8221;rgba(0,0,0,0)&#8221; closed_toggle_background_color=&#8221;rgba(0,0,0,0)&#8221; _builder_version=&#8221;4.7.7&#8243; custom_margin=&#8221;||0px|&#8221; custom_padding=&#8221;30px||30px|0px|true&#8221; hover_enabled=&#8221;0&#8243; open=&#8221;off&#8221; sticky_enabled=&#8221;0&#8243;]Alternativa sera le propri\u00e9taire de la propri\u00e9t\u00e9 et tiendra la maison pour vous.[\/et_pb_accordion_item][et_pb_accordion_item title=&#8221;Comment accumuler un acompte suffisant?&#8221; open_toggle_background_color=&#8221;rgba(0,0,0,0)&#8221; closed_toggle_background_color=&#8221;rgba(0,0,0,0)&#8221; _builder_version=&#8221;4.7.7&#8243; custom_margin=&#8221;||0px|&#8221; custom_padding=&#8221;30px||30px|0px|true&#8221; hover_enabled=&#8221;0&#8243; open=&#8221;off&#8221; sticky_enabled=&#8221;0&#8243;]Vos paiements mensuels comprendront un montant qui sera accumul\u00e9 pour votre acompte sur votre achat.[\/et_pb_accordion_item][et_pb_accordion_item title=&#8221;Comment d\u00e9terminez-vous le prix de revente?&#8221; open_toggle_background_color=&#8221;rgba(0,0,0,0)&#8221; closed_toggle_background_color=&#8221;rgba(0,0,0,0)&#8221; _builder_version=&#8221;4.7.7&#8243; custom_margin=&#8221;||0px|&#8221; custom_padding=&#8221;30px||30px|0px|true&#8221; hover_enabled=&#8221;0&#8243; open=&#8221;off&#8221; sticky_enabled=&#8221;0&#8243;]Le prix de revente \u00e0 la fin du terme sera d\u00e9termin\u00e9 par Alternativa et vous-m\u00eame au moment de la signature du contrat initial.[\/et_pb_accordion_item][et_pb_accordion_item title=&#8221;Quelle sera la dur\u00e9e de mon accord?&#8221; open_toggle_background_color=&#8221;rgba(0,0,0,0)&#8221; closed_toggle_background_color=&#8221;rgba(0,0,0,0)&#8221; _builder_version=&#8221;4.7.7&#8243; custom_margin=&#8221;||0px|&#8221; custom_padding=&#8221;30px||30px|0px|true&#8221; hover_enabled=&#8221;0&#8243; open=&#8221;off&#8221; sticky_enabled=&#8221;0&#8243;]La dur\u00e9e de l&#8217;accord sera d\u00e9termin\u00e9e en fonction de vos revenus, de vos ant\u00e9c\u00e9dents de cr\u00e9dit \/ pointage, de vos frais de subsistance, de votre acompte et d&#8217;autres crit\u00e8res importants.[\/et_pb_accordion_item][et_pb_accordion_item title=&#8221;Qui fera les r\u00e9parations et l&#8217;entretien de la propri\u00e9t\u00e9?&#8221; open_toggle_background_color=&#8221;rgba(0,0,0,0)&#8221; closed_toggle_background_color=&#8221;rgba(0,0,0,0)&#8221; _builder_version=&#8221;4.7.7&#8243; custom_margin=&#8221;||0px|&#8221; custom_padding=&#8221;30px||30px|0px|true&#8221; hover_enabled=&#8221;0&#8243; open=&#8221;off&#8221; sticky_enabled=&#8221;0&#8243;]Puisque vous serez les \u00e9ventuels propri\u00e9taires de la propri\u00e9t\u00e9 et que vous y vivrez, vous \u00eates responsable de toutes les r\u00e9parations et de l&#8217;entretien actuels et futurs.[\/et_pb_accordion_item][et_pb_accordion_item title=&#8221;Puis-je apporter des modifications \u00e0 la propri\u00e9t\u00e9?&#8221; open_toggle_background_color=&#8221;rgba(0,0,0,0)&#8221; closed_toggle_background_color=&#8221;rgba(0,0,0,0)&#8221; _builder_version=&#8221;4.7.7&#8243; custom_margin=&#8221;||0px|&#8221; custom_padding=&#8221;30px||30px|0px|true&#8221; hover_enabled=&#8221;0&#8243; open=&#8221;off&#8221; sticky_enabled=&#8221;0&#8243;]Vous pouvez apporter des modifications \u00e0 la propri\u00e9t\u00e9, mais toutes les modifications doivent \u00eatre approuv\u00e9es par Alternativa. Vous devez demander la modification par \u00e9crit et Alternativa vous fournira une confirmation.[\/et_pb_accordion_item][et_pb_accordion_item title=&#8221;Que se passe-t-il si je ne peux pas obtenir de financement d&#8217;une institution \u00e0 la fin du trimestre?&#8221; open_toggle_background_color=&#8221;rgba(0,0,0,0)&#8221; closed_toggle_background_color=&#8221;rgba(0,0,0,0)&#8221; _builder_version=&#8221;4.7.7&#8243; custom_margin=&#8221;||0px|&#8221; custom_padding=&#8221;30px||30px|0px|true&#8221; hover_enabled=&#8221;0&#8243; open=&#8221;off&#8221; sticky_enabled=&#8221;0&#8243;]En fonction de l&#8217;\u00e9tat de votre dossier au cours du trimestre, un renouvellement annuel peut vous \u00eatre accord\u00e9. Cela vous donnera plus de temps pour am\u00e9liorer tout ce qui est n\u00e9cessaire pour acheter la propri\u00e9t\u00e9.[\/et_pb_accordion_item][et_pb_accordion_item title=&#8221;Comment puis-je \u00eatre s\u00fbr que vous me vendrez la maison \u00e0 la fin du trimestre?&#8221; open_toggle_background_color=&#8221;rgba(0,0,0,0)&#8221; closed_toggle_background_color=&#8221;rgba(0,0,0,0)&#8221; _builder_version=&#8221;4.7.7&#8243; custom_margin=&#8221;||0px|&#8221; custom_padding=&#8221;30px||30px|0px|true&#8221; hover_enabled=&#8221;0&#8243; open=&#8221;off&#8221; sticky_enabled=&#8221;0&#8243;]Alternativa est un investisseur \u00e9thique qui suit tous les d\u00e9tails de l&#8217;accord et n&#8217;a aucun int\u00e9r\u00eat \u00e0 occuper votre propri\u00e9t\u00e9.[\/et_pb_accordion_item][et_pb_accordion_item title=&#8221;J&#8217;ai re\u00e7u un avis de 60 jours et ma banque ne souhaite pas renouveler mon hypoth\u00e8que. Pouvez-vous m&#8217;aider?&#8221; open_toggle_background_color=&#8221;rgba(0,0,0,0)&#8221; closed_toggle_background_color=&#8221;rgba(0,0,0,0)&#8221; _builder_version=&#8221;4.7.7&#8243; custom_margin=&#8221;||0px|&#8221; custom_padding=&#8221;30px||30px|0px|true&#8221; hover_enabled=&#8221;0&#8243; open=&#8221;off&#8221; sticky_enabled=&#8221;0&#8243;]Oui. Alternativa est pr\u00eat \u00e0 aider n&#8217;importe qui dans ces situations \u00e0 condition que vous ayez un avantage \u00e0 le faire.[\/et_pb_accordion_item][et_pb_accordion_item title=&#8221;Y aura-t-il des co\u00fbts cach\u00e9s dont je ne serai pas au courant?&#8221; open_toggle_background_color=&#8221;rgba(0,0,0,0)&#8221; closed_toggle_background_color=&#8221;rgba(0,0,0,0)&#8221; _builder_version=&#8221;4.7.7&#8243; custom_margin=&#8221;||0px|&#8221; custom_padding=&#8221;30px||30px|0px|true&#8221; hover_enabled=&#8221;0&#8243; open=&#8221;off&#8221; sticky_enabled=&#8221;0&#8243;]Jamais. Tous les frais et co\u00fbts seront clairement indiqu\u00e9s dans l&#8217;accord initial. Alternativa vous demande toujours de v\u00e9rifier le contrat avec votre avocat personnel pour vous assurer que tout est compris et accept\u00e9 par vous.[\/et_pb_accordion_item][\/et_pb_accordion][\/et_pb_column][\/et_pb_row][\/et_pb_section]<\/p>\n","protected":false},"excerpt":{"rendered":"<p>[et_pb_section fb_built=&#8221;1&#8243; custom_padding_last_edited=&#8221;off|desktop&#8221; admin_label=&#8221;Header&#8221; _builder_version=&#8221;4.7.7&#8243; use_background_color_gradient=&#8221;on&#8221; background_color_gradient_start=&#8221;rgba(27,18,61,0.96)&#8221; background_color_gradient_end=&#8221;rgba(27,18,61,0.88)&#8221; background_color_gradient_direction=&#8221;90deg&#8221; background_color_gradient_start_position=&#8221;40%&#8221; background_color_gradient_end_position=&#8221;0%&#8221; background_color_gradient_overlays_image=&#8221;on&#8221; background_image=&#8221;http:\/\/alternativafinancial.ca\/wp-content\/uploads\/2020\/12\/pr-firm_27.jpg&#8221; custom_padding=&#8221;6vw||6vw||true|false&#8221; custom_padding_tablet=&#8221;||||false|false&#8221; custom_padding_phone=&#8221;||||false|false&#8221; filter_hue_rotate=&#8221;240deg&#8221; locked=&#8221;off&#8221;][et_pb_row column_structure=&#8221;1_2,1_2&#8243; _builder_version=&#8221;4.4.7&#8243; max_width=&#8221;1200px&#8221; custom_padding=&#8221;4%|4%|4%|4%|true|true&#8221; border_color_all=&#8221;#16252D&#8221; border_width_bottom=&#8221;8px&#8221; border_color_bottom=&#8221;#788594&#8243; border_width_left=&#8221;8px&#8221; border_color_left=&#8221;#788594&#8243; locked=&#8221;off&#8221;][et_pb_column type=&#8221;1_2&#8243; _builder_version=&#8221;4.4.6&#8243;][et_pb_text _builder_version=&#8221;4.7.7&#8243; header_font=&#8221;Heebo|900||on|||||&#8221; header_font_size=&#8221;60px&#8221; header_letter_spacing=&#8221;2px&#8221; header_line_height=&#8221;1.2em&#8221; background_layout=&#8221;dark&#8221; hover_enabled=&#8221;0&#8243; header_font_size_tablet=&#8221;40px&#8221; header_font_size_phone=&#8221;24px&#8221; header_font_size_last_edited=&#8221;on|phone&#8221; locked=&#8221;off&#8221; sticky_enabled=&#8221;0&#8243;] Q.F.P. [\/et_pb_text][\/et_pb_column][et_pb_column type=&#8221;1_2&#8243; _builder_version=&#8221;4.4.6&#8243;][\/et_pb_column][\/et_pb_row][\/et_pb_section][et_pb_section fb_built=&#8221;1&#8243; admin_label=&#8221;FAQ Section&#8221; _builder_version=&#8221;4.7.7&#8243; module_alignment=&#8221;right&#8221; custom_margin=&#8221;||||false|false&#8221; custom_padding=&#8221;20px||||false|false&#8221; locked=&#8221;off&#8221;][et_pb_row admin_label=&#8221;FAQ [&hellip;]<\/p>\n","protected":false},"author":1,"featured_media":0,"parent":0,"menu_order":0,"comment_status":"closed","ping_status":"closed","template":"","meta":{"_et_pb_use_builder":"on","_et_pb_old_content":"","_et_gb_content_width":""},"_links":{"self":[{"href":"https:\/\/alternativafinancial.ca\/index.php?rest_route=\/wp\/v2\/pages\/2292"}],"collection":[{"href":"https:\/\/alternativafinancial.ca\/index.php?rest_route=\/wp\/v2\/pages"}],"about":[{"href":"https:\/\/alternativafinancial.ca\/index.php?rest_route=\/wp\/v2\/types\/page"}],"author":[{"embeddable":true,"href":"https:\/\/alternativafinancial.ca\/index.php?rest_route=\/wp\/v2\/users\/1"}],"replies":[{"embeddable":true,"href":"https:\/\/alternativafinancial.ca\/index.php?rest_route=%2Fwp%2Fv2%2Fcomments&post=2292"}],"version-history":[{"count":4,"href":"https:\/\/alternativafinancial.ca\/index.php?rest_route=\/wp\/v2\/pages\/2292\/revisions"}],"predecessor-version":[{"id":2317,"href":"https:\/\/alternativafinancial.ca\/index.php?rest_route=\/wp\/v2\/pages\/2292\/revisions\/2317"}],"wp:attachment":[{"href":"https:\/\/alternativafinancial.ca\/index.php?rest_route=%2Fwp%2Fv2%2Fmedia&parent=2292"}],"curies":[{"name":"wp","href":"https:\/\/api.w.org\/{rel}","templated":true}]}}